{"id":53,"date":"2024-03-18T11:20:04","date_gmt":"2024-03-18T10:20:04","guid":{"rendered":"https:\/\/spirituelleswebdesign.com\/mond\/?page_id=53"},"modified":"2025-03-22T18:03:30","modified_gmt":"2025-03-22T17:03:30","slug":"blog","status":"publish","type":"page","link":"https:\/\/soulart-creations.de\/mond\/blog\/","title":{"rendered":"Blog"},"content":{"rendered":"<p><div class=\"et_d4_element et_pb_section et_pb_section_0 et_pb_with_background  et_pb_css_mix_blend_mode et_section_regular et_block_section\" >\n\t\t\t\t\n\t\t\t\t\n\t\t\t\t\n\t\t\t\t\n\t\t\t\t\n\t\t\t\t\n\t\t\t\t<div class=\"et_d4_element et_pb_row et_pb_row_0  et_pb_css_mix_blend_mode et_block_row\">\n\t\t\t\t<div class=\"et_d4_element et_pb_column_4_4 et_pb_column et_pb_column_0  et_pb_css_mix_blend_mode et-last-child et_block_column\">\n\t\t\t\t\n\t\t\t\t\n\t\t\t\t\n\t\t\t\t\n\t\t\t\t<div class=\"et_pb_module et_d4_element et_pb_text et_pb_text_0  et_pb_text_align_center et_pb_bg_layout_light\">\n\t\t\t\t\n\t\t\t\t\n\t\t\t\t\n\t\t\t\t\n\t\t\t\t<div class=\"et_pb_text_inner\"><h1>Journal<\/h1><\/div>\n\t\t\t<\/div><div class=\"et_pb_with_border et_pb_module et_d4_element et_pb_blog_0  et_pb_css_mix_blend_mode et_pb_blog_grid_wrapper et_pb_bg_layout_light\">\n\t\t\t\t\t<div class=\"et_pb_blog_grid clearfix \">\n\t\t\t\t\t\n\t\t\t\t\t\n\t\t\t\t\t\n\t\t\t\t\t\n\t\t\t\t\t<div class=\"et_pb_ajax_pagination_container\">\n\t\t\t\t\t\t<div class=\"et_pb_salvattore_content\" data-columns>\n\t\t\t<article id=\"post-151\" class=\"et_pb_post clearfix et_pb_blog_item_0_0 post-151 post type-post status-publish format-standard has-post-thumbnail hentry category-allgemein\">\n\n\t\t\t\t<div class=\"et_pb_image_container\"><a href=\"https:\/\/soulart-creations.de\/mond\/2024\/03\/20\/hallo-leben\/\" class=\"entry-featured-image-url\"><img loading=\"lazy\" decoding=\"async\" src=\"https:\/\/soulart-creations.de\/mond\/wp-content\/uploads\/sites\/7\/2024\/03\/happy-woman-enjoying-nature-playing-autumn-photography-400x250.jpg\" alt=\"Hallo Leben!\" class=\"\" srcset=\"https:\/\/soulart-creations.de\/mond\/wp-content\/uploads\/sites\/7\/2024\/03\/happy-woman-enjoying-nature-playing-autumn-photography.jpg 479w, https:\/\/soulart-creations.de\/mond\/wp-content\/uploads\/sites\/7\/2024\/03\/happy-woman-enjoying-nature-playing-autumn-photography-400x250.jpg 480w \" sizes=\"(max-width:479px) 479px, 100vw \"  width=\"400\" height=\"250\" \/><\/a><\/div>\n\t\t\t\t\t\t\t\t\t\t\t\t\t\t<h2 class=\"entry-title\">\n\t\t\t\t\t\t\t\t\t\t\t\t\t<a href=\"https:\/\/soulart-creations.de\/mond\/2024\/03\/20\/hallo-leben\/\">Hallo Leben!<\/a>\n\t\t\t\t\t\t\t\t\t\t\t<\/h2>\n\t\t\t\t\n\t\t\t\t\t<p class=\"post-meta\"><span class=\"published\">M\u00e4rz 20, 2024<\/span> | <a href=\"https:\/\/soulart-creations.de\/mond\/category\/allgemein\/\" rel=\"tag\">Allgemein<\/a><\/p><div class=\"post-content\"><div class=\"post-content-inner\"><p>Willkommen auf meiner Website. Ich schreibe hier f\u00fcr dich wertvolle spirituelle, gesundheitlich wertvolle Beitr\u00e4ge. Wenn du regelm\u00e4\u00dfig informiert werden m\u00f6chtest, abonniere doch gerne meinen Newsletter.<\/p>\n<\/div><a href=\"https:\/\/soulart-creations.de\/mond\/2024\/03\/20\/hallo-leben\/\" class=\"more-link\">weiterlesen<\/a><\/div>\t\t\t\n\t\t\t<\/article>\n\t\t\t\t\n\t\t\t<article id=\"post-149\" class=\"et_pb_post clearfix et_pb_blog_item_0_1 post-149 post type-post status-publish format-standard has-post-thumbnail hentry category-allgemein\">\n\n\t\t\t\t<div class=\"et_pb_image_container\"><a href=\"https:\/\/soulart-creations.de\/mond\/2024\/03\/20\/hallo-du\/\" class=\"entry-featured-image-url\"><img loading=\"lazy\" decoding=\"async\" src=\"https:\/\/soulart-creations.de\/mond\/wp-content\/uploads\/sites\/7\/2024\/03\/perfect-bride-portrait-girl-long-white-dress-400x250.jpg\" alt=\"Hallo Du!\" class=\"\" srcset=\"https:\/\/soulart-creations.de\/mond\/wp-content\/uploads\/sites\/7\/2024\/03\/perfect-bride-portrait-girl-long-white-dress.jpg 479w, https:\/\/soulart-creations.de\/mond\/wp-content\/uploads\/sites\/7\/2024\/03\/perfect-bride-portrait-girl-long-white-dress-400x250.jpg 480w \" sizes=\"(max-width:479px) 479px, 100vw \"  width=\"400\" height=\"250\" \/><\/a><\/div>\n\t\t\t\t\t\t\t\t\t\t\t\t\t\t<h2 class=\"entry-title\">\n\t\t\t\t\t\t\t\t\t\t\t\t\t<a href=\"https:\/\/soulart-creations.de\/mond\/2024\/03\/20\/hallo-du\/\">Hallo Du!<\/a>\n\t\t\t\t\t\t\t\t\t\t\t<\/h2>\n\t\t\t\t\n\t\t\t\t\t<p class=\"post-meta\"><span class=\"published\">M\u00e4rz 20, 2024<\/span> | <a href=\"https:\/\/soulart-creations.de\/mond\/category\/allgemein\/\" rel=\"tag\">Allgemein<\/a><\/p><div class=\"post-content\"><div class=\"post-content-inner\"><p>Willkommen auf meiner Website. Ich schreibe hier f\u00fcr dich wertvolle spirituelle, gesundheitlich wertvolle Beitr\u00e4ge. Wenn du regelm\u00e4\u00dfig informiert werden m\u00f6chtest, abonniere doch gerne meinen Newsletter.<\/p>\n<\/div><a href=\"https:\/\/soulart-creations.de\/mond\/2024\/03\/20\/hallo-du\/\" class=\"more-link\">weiterlesen<\/a><\/div>\t\t\t\n\t\t\t<\/article>\n\t\t\t\t\n\t\t\t<article id=\"post-1\" class=\"et_pb_post clearfix et_pb_blog_item_0_2 post-1 post type-post status-publish format-standard has-post-thumbnail hentry category-allgemein\">\n\n\t\t\t\t<div class=\"et_pb_image_container\"><a href=\"https:\/\/soulart-creations.de\/mond\/2024\/03\/04\/hallo-welt\/\" class=\"entry-featured-image-url\"><img loading=\"lazy\" decoding=\"async\" src=\"https:\/\/soulart-creations.de\/mond\/wp-content\/uploads\/sites\/7\/2024\/03\/vast-sand-dunes-stretching-horizon-scorching-sun-400x250.jpg\" alt=\"Hallo Welt!\" class=\"\" srcset=\"https:\/\/soulart-creations.de\/mond\/wp-content\/uploads\/sites\/7\/2024\/03\/vast-sand-dunes-stretching-horizon-scorching-sun.jpg 479w, https:\/\/soulart-creations.de\/mond\/wp-content\/uploads\/sites\/7\/2024\/03\/vast-sand-dunes-stretching-horizon-scorching-sun-400x250.jpg 480w \" sizes=\"(max-width:479px) 479px, 100vw \"  width=\"400\" height=\"250\" \/><\/a><\/div>\n\t\t\t\t\t\t\t\t\t\t\t\t\t\t<h2 class=\"entry-title\">\n\t\t\t\t\t\t\t\t\t\t\t\t\t<a href=\"https:\/\/soulart-creations.de\/mond\/2024\/03\/04\/hallo-welt\/\">Hallo Welt!<\/a>\n\t\t\t\t\t\t\t\t\t\t\t<\/h2>\n\t\t\t\t\n\t\t\t\t\t<p class=\"post-meta\"><span class=\"published\">M\u00e4rz 4, 2024<\/span> | <a href=\"https:\/\/soulart-creations.de\/mond\/category\/allgemein\/\" rel=\"tag\">Allgemein<\/a><\/p><div class=\"post-content\"><div class=\"post-content-inner\"><p>Willkommen auf meiner Website. Ich schreibe hier f\u00fcr dich wertvolle spirituelle, gesundheitlich wertvolle Beitr\u00e4ge. Wenn du regelm\u00e4\u00dfig informiert werden m\u00f6chtest, abonniere doch gerne meinen Newsletter.<\/p>\n<\/div><a href=\"https:\/\/soulart-creations.de\/mond\/2024\/03\/04\/hallo-welt\/\" class=\"more-link\">weiterlesen<\/a><\/div>\t\t\t\n\t\t\t<\/article>\n\t\t\t\t<\/div><div><div class=\"pagination clearfix\">\n\t<div class=\"alignleft\"><\/div>\n\t<div class=\"alignright\"><\/div>\n<\/div><\/div><\/div>\n\t\t\t\t\t<\/div>\n\t\t\t\t\t \n\t\t\t\t<\/div>\n\t\t\t<\/div>\n\t\t\t\t\n\t\t\t\t\n\t\t\t\t\n\t\t\t\t\n\t\t\t<\/div>\n\t\t\t\t\n\t\t\t\t\n\t\t\t<\/div><div class=\"et_d4_element et_pb_section et_pb_section_1 et_pb_with_background  et_pb_css_mix_blend_mode et_section_regular et_block_section\" >\n\t\t\t\t\n\t\t\t\t\n\t\t\t\t\n\t\t\t\t\n\t\t\t\t\n\t\t\t\t\n\t\t\t\t<div class=\"et_d4_element et_pb_row et_pb_row_1  et_pb_css_mix_blend_mode et_block_row\">\n\t\t\t\t<div class=\"et_d4_element et_pb_column_1_3 et_pb_column et_pb_column_1  et_pb_css_mix_blend_mode et_block_column\">\n\t\t\t\t\n\t\t\t\t\n\t\t\t\t\n\t\t\t\t\n\t\t\t\t<div class=\"et_pb_module et_d4_element et_pb_text et_pb_text_1  et_pb_text_align_left et_pb_text_align_justified-phone et_pb_bg_layout_light\">\n\t\t\t\t\n\t\t\t\t\n\t\t\t\t\n\t\t\t\t\n\t\t\t\t<div class=\"et_pb_text_inner\"><h3>Dein Herzensbusiness<\/h3><\/div>\n\t\t\t<\/div><div class=\"et_pb_module et_d4_element et_pb_image et_pb_image_0\">\n\t\t\t\t\n\t\t\t\t\n\t\t\t\t\n\t\t\t\t\n\t\t\t\t<span class=\"et_pb_image_wrap \"><img loading=\"lazy\" decoding=\"async\" width=\"106\" height=\"136\" src=\"https:\/\/soulart-creations.de\/mond\/wp-content\/uploads\/sites\/7\/2024\/03\/schmetterling.png\" alt=\"\" title=\"schmetterling\" class=\"wp-image-79\" \/><\/span>\n\t\t\t<\/div>\n\t\t\t<\/div><div class=\"et_d4_element et_pb_column_1_3 et_pb_column et_pb_column_2  et_pb_css_mix_blend_mode et_block_column\">\n\t\t\t\t\n\t\t\t\t\n\t\t\t\t\n\t\t\t\t\n\t\t\t\t<div class=\"et_pb_module et_d4_element et_pb_text et_pb_text_2  et_pb_text_align_left et_pb_text_align_justified-phone et_pb_bg_layout_light\">\n\t\t\t\t\n\t\t\t\t\n\t\t\t\t\n\t\t\t\t\n\t\t\t\t<div class=\"et_pb_text_inner\"><h3>Adresse<\/h3><\/div>\n\t\t\t<\/div><div class=\"et_pb_module et_d4_element et_pb_text et_pb_text_3  et_pb_text_align_left et_pb_text_align_justified-phone et_pb_bg_layout_light\">\n\t\t\t\t\n\t\t\t\t\n\t\t\t\t\n\t\t\t\t\n\t\t\t\t<div class=\"et_pb_text_inner\"><p>Musterstra\u00dfe 12, 34567 Ort<\/p><\/div>\n\t\t\t<\/div><div class=\"et_pb_module et_d4_element et_pb_text et_pb_text_4  et_pb_text_align_left et_pb_text_align_justified-phone et_pb_bg_layout_light\">\n\t\t\t\t\n\t\t\t\t\n\t\t\t\t\n\t\t\t\t\n\t\t\t\t<div class=\"et_pb_text_inner\"><p><a href=\"mailto:#\">hallo@deinemail.de<\/a><\/p><\/div>\n\t\t\t<\/div><div class=\"et_pb_module et_d4_element et_pb_text et_pb_text_5  et_pb_text_align_left et_pb_text_align_justified-phone et_pb_bg_layout_light\">\n\t\t\t\t\n\t\t\t\t\n\t\t\t\t\n\t\t\t\t\n\t\t\t\t<div class=\"et_pb_text_inner\"><p>+49 1234 56789<\/p><\/div>\n\t\t\t<\/div>\n\t\t\t<\/div><div class=\"et_d4_element et_pb_column_1_3 et_pb_column et_pb_column_3  et_pb_css_mix_blend_mode et-last-child et_block_column\">\n\t\t\t\t\n\t\t\t\t\n\t\t\t\t\n\t\t\t\t\n\t\t\t\t<div class=\"et_pb_module et_d4_element et_pb_text et_pb_text_6  et_pb_text_align_left et_pb_text_align_justified-phone et_pb_bg_layout_light\">\n\t\t\t\t\n\t\t\t\t\n\t\t\t\t\n\t\t\t\t\n\t\t\t\t<div class=\"et_pb_text_inner\"><h3>\u00d6ffnungszeiten<\/h3><\/div>\n\t\t\t<\/div><div class=\"et_pb_module et_d4_element et_pb_text et_pb_text_7  et_pb_text_align_left et_pb_text_align_justified-phone et_pb_bg_layout_light\">\n\t\t\t\t\n\t\t\t\t\n\t\t\t\t\n\t\t\t\t\n\t\t\t\t<div class=\"et_pb_text_inner\"><p>Montag - Freitag: 09:00 - 18:00 Uhr<\/p><\/div>\n\t\t\t<\/div><div class=\"et_pb_module et_d4_element et_pb_text et_pb_text_8  et_pb_text_align_left et_pb_text_align_justified-phone et_pb_bg_layout_light\">\n\t\t\t\t\n\t\t\t\t\n\t\t\t\t\n\t\t\t\t\n\t\t\t\t<div class=\"et_pb_text_inner\"><p>Samstag und Sonntag geschlossen<\/p><\/div>\n\t\t\t<\/div>\n\t\t\t<\/div>\n\t\t\t\t\n\t\t\t\t\n\t\t\t\t\n\t\t\t\t\n\t\t\t<\/div><div class=\"et_pb_with_border et_d4_element et_pb_row et_pb_row_2  et_pb_css_mix_blend_mode et_block_row\">\n\t\t\t\t<div class=\"et_d4_element et_pb_column_4_4 et_pb_column et_pb_column_4  et_pb_css_mix_blend_mode et-last-child et_block_column\">\n\t\t\t\t\n\t\t\t\t\n\t\t\t\t\n\t\t\t\t\n\t\t\t\t<div class=\"et_pb_module et_d4_element et_pb_text et_pb_text_9  et_pb_text_align_center et_pb_text_align_justified-phone et_pb_bg_layout_light\">\n\t\t\t\t\n\t\t\t\t\n\t\t\t\t\n\t\t\t\t\n\t\t\t\t<div class=\"et_pb_text_inner\">Copyright &copy; 2026 . Alle Rechte vorbehalten<\/div>\n\t\t\t<\/div>\n\t\t\t<\/div>\n\t\t\t\t\n\t\t\t\t\n\t\t\t\t\n\t\t\t\t\n\t\t\t<\/div>\n\t\t\t\t\n\t\t\t\t\n\t\t\t<\/div><\/p>\n","protected":false},"excerpt":{"rendered":"","protected":false},"author":2,"featured_media":0,"parent":0,"menu_order":0,"comment_status":"closed","ping_status":"closed","template":"","meta":{"_et_pb_use_builder":"on","_et_pb_old_content":"","_et_gb_content_width":"","footnotes":""},"class_list":["post-53","page","type-page","status-publish","hentry"],"_links":{"self":[{"href":"https:\/\/soulart-creations.de\/mond\/wp-json\/wp\/v2\/pages\/53","targetHints":{"allow":["GET"]}}],"collection":[{"href":"https:\/\/soulart-creations.de\/mond\/wp-json\/wp\/v2\/pages"}],"about":[{"href":"https:\/\/soulart-creations.de\/mond\/wp-json\/wp\/v2\/types\/page"}],"author":[{"embeddable":true,"href":"https:\/\/soulart-creations.de\/mond\/wp-json\/wp\/v2\/users\/2"}],"replies":[{"embeddable":true,"href":"https:\/\/soulart-creations.de\/mond\/wp-json\/wp\/v2\/comments?post=53"}],"version-history":[{"count":13,"href":"https:\/\/soulart-creations.de\/mond\/wp-json\/wp\/v2\/pages\/53\/revisions"}],"predecessor-version":[{"id":359,"href":"https:\/\/soulart-creations.de\/mond\/wp-json\/wp\/v2\/pages\/53\/revisions\/359"}],"wp:attachment":[{"href":"https:\/\/soulart-creations.de\/mond\/wp-json\/wp\/v2\/media?parent=53"}],"curies":[{"name":"wp","href":"https:\/\/api.w.org\/{rel}","templated":true}]}}